{"id":202,"date":"2015-09-24T17:32:30","date_gmt":"2015-09-24T17:32:30","guid":{"rendered":"http:\/\/ouisellyou.com\/es\/asesoria-comercial\/?lang=ca"},"modified":"2020-07-21T17:04:57","modified_gmt":"2020-07-21T17:04:57","slug":"asesoria-y-gestion-comercial","status":"publish","type":"page","link":"https:\/\/ouisellyou.com\/ca\/serveis\/asesoria-y-gestion-comercial\/","title":{"rendered":"Asesor\u00eda y Gesti\u00f3n Comercial"},"content":{"rendered":"<style type=\"text\/css\"> \n#cmsmasters_row_69de2b1a036176_65988147 .cmsmasters_row_outer_parent { \n\tpadding-top: 0px; \n} \n\n#cmsmasters_row_69de2b1a036176_65988147 .cmsmasters_row_outer_parent { \n\tpadding-bottom: 50px; \n} \n\n \n#cmsmasters_row_69de2b1a037853_01880473 .cmsmasters_row_outer_parent { \n\tpadding-top: 0px; \n} \n\n#cmsmasters_row_69de2b1a037853_01880473 .cmsmasters_row_outer_parent { \n\tpadding-bottom: 50px; \n} \n\n \n#cmsmasters_row_69de2b1a038981_66542850 .cmsmasters_row_outer_parent { \n\tpadding-top: 0px; \n} \n\n#cmsmasters_row_69de2b1a038981_66542850 .cmsmasters_row_outer_parent { \n\tpadding-bottom: 50px; \n} \n\n \n#cmsmasters_heading_69de2b1a03b11 { \n\ttext-align:center; \n\tmargin-top:20px; \n\tmargin-bottom:20px; \n} \n\n#cmsmasters_heading_69de2b1a03b11 .cmsmasters_heading { \n\ttext-align:center; \n} \n\n#cmsmasters_heading_69de2b1a03b11 .cmsmasters_heading, #cmsmasters_heading_69de2b1a03b11 .cmsmasters_heading a { \n\tfont-size:40px; \n\tfont-weight:normal; \n\tfont-style:normal; \n} \n\n#cmsmasters_heading_69de2b1a03b11 .cmsmasters_heading_divider { \n} \n\n \n#cmsmasters_row_69de2b1a03b4a6_88603921 .cmsmasters_row_outer_parent { \n\tpadding-top: 0px; \n} \n\n#cmsmasters_row_69de2b1a03b4a6_88603921 .cmsmasters_row_outer_parent { \n\tpadding-bottom: 50px; \n} \n\n \n#cmsmasters_row_69de2b1a062127_44533578 .cmsmasters_row_outer_parent { \n\tpadding-top: 0px; \n} \n\n#cmsmasters_row_69de2b1a062127_44533578 .cmsmasters_row_outer_parent { \n\tpadding-bottom: 0px; \n} \n\n \n#cmsmasters_heading_69de2b1a062aa { \n\ttext-align:center; \n\tmargin-top:20px; \n\tmargin-bottom:0px; \n} \n\n#cmsmasters_heading_69de2b1a062aa .cmsmasters_heading { \n\ttext-align:center; \n} \n\n#cmsmasters_heading_69de2b1a062aa .cmsmasters_heading, #cmsmasters_heading_69de2b1a062aa .cmsmasters_heading a { \n\tfont-size:40px; \n\tfont-weight:normal; \n\tfont-style:normal; \n} \n\n#cmsmasters_heading_69de2b1a062aa .cmsmasters_heading_divider { \n} \n\n \n#cmsmasters_row_69de2b1a062e01_94859893 .cmsmasters_row_outer_parent { \n\tpadding-top: 0px; \n} \n\n#cmsmasters_row_69de2b1a062e01_94859893 .cmsmasters_row_outer_parent { \n\tpadding-bottom: 50px; \n} \n\n \n#cmsmasters_divider_69de2b1a066c32_85169843 { \n\tborder-bottom-width:0px; \n\tborder-bottom-style:solid; \n\tpadding-top:10px; \n\tmargin-bottom:10px; \n} \n\n#cmsmasters_button_69de2b1a066de6_15126194 { \n\ttext-align:center; \n} \n\n#cmsmasters_button_69de2b1a066de6_15126194 .cmsmasters_button:before { \n\tmargin-right:.5em; \n\tmargin-left:0; \n\tvertical-align:baseline; \n} \n\n#cmsmasters_button_69de2b1a066de6_15126194 .cmsmasters_button { \n\tfont-weight:normal; \n\tfont-style:normal; \n\tborder-style:solid; \n} \n#cmsmasters_button_69de2b1a066de6_15126194 .cmsmasters_button:hover { \n} \n \n#cmsmasters_divider_69de2b1a06abe3_40384556 { \n\tborder-bottom-width:0px; \n\tborder-bottom-style:solid; \n\tpadding-top:10px; \n\tmargin-bottom:10px; \n} \n\n#cmsmasters_button_69de2b1a06ad43_05886642 { \n\ttext-align:center; \n} \n\n#cmsmasters_button_69de2b1a06ad43_05886642 .cmsmasters_button:before { \n\tmargin-right:.5em; \n\tmargin-left:0; \n\tvertical-align:baseline; \n} \n\n#cmsmasters_button_69de2b1a06ad43_05886642 .cmsmasters_button { \n\tfont-weight:normal; \n\tfont-style:normal; \n\tborder-style:solid; \n} \n#cmsmasters_button_69de2b1a06ad43_05886642 .cmsmasters_button:hover { \n} \n \n#cmsmasters_row_69de2b1a06b014_87192300 { \n\tbackground-color:#c60441;\n} \n\n#cmsmasters_row_69de2b1a06b014_87192300 .cmsmasters_row_outer_parent { \n\tpadding-top: 0px; \n} \n\n#cmsmasters_row_69de2b1a06b014_87192300 .cmsmasters_row_outer_parent { \n\tpadding-bottom: 50px; \n} \n\n \n#cmsmasters_heading_69de2b1a06bbc { \n\ttext-align:left; \n\tmargin-top:100px; \n\tmargin-bottom:50px; \n} \n\n#cmsmasters_heading_69de2b1a06bbc .cmsmasters_heading { \n\ttext-align:left; \n} \n\n#cmsmasters_heading_69de2b1a06bbc .cmsmasters_heading, #cmsmasters_heading_69de2b1a06bbc .cmsmasters_heading a { \n\tfont-weight:normal; \n\tfont-style:normal; \n\tcolor:#ffffff;\n} \n\n#cmsmasters_heading_69de2b1a06bbc .cmsmasters_heading_divider { \n} \n\n \n#cmsmasters_divider_69de2b1a06c4e8_16382745 { \n\tborder-bottom-width:0px; \n\tborder-bottom-style:solid; \n\tpadding-top:50px; \n\tmargin-bottom:50px; \n} \n \n#cmsmasters_row_69de2b1a06c9d6_55477775 { \n\tbackground-color:#c0c0c0;\n} \n\n#cmsmasters_row_69de2b1a06c9d6_55477775 .cmsmasters_row_outer_parent { \n\tpadding-top: 0px; \n} \n\n#cmsmasters_row_69de2b1a06c9d6_55477775 .cmsmasters_row_outer_parent { \n\tpadding-bottom: 50px; \n} \n\n \n#cmsmasters_heading_69de2b1a06d3d { \n\ttext-align:left; \n\tmargin-top:100px; \n\tmargin-bottom:20px; \n} \n\n#cmsmasters_heading_69de2b1a06d3d .cmsmasters_heading { \n\ttext-align:left; \n} \n\n#cmsmasters_heading_69de2b1a06d3d .cmsmasters_heading, #cmsmasters_heading_69de2b1a06d3d .cmsmasters_heading a { \n\tfont-weight:normal; \n\tfont-style:normal; \n\tcolor:#000000;\n} \n\n#cmsmasters_heading_69de2b1a06d3d .cmsmasters_heading_divider { \n} \n\n \n#cmsmasters_divider_69de2b1a06ddb3_77405730 { \n\tborder-bottom-width:0px; \n\tborder-bottom-style:solid; \n\tpadding-top:50px; \n\tmargin-bottom:50px; \n} \n<\/style><div id=\"cmsmasters_row_69de2b1a036176_65988147\" class=\"cmsmasters_row cmsmasters_color_scheme_default cmsmasters_row_top_default cmsmasters_row_bot_default cmsmasters_row_boxed\">\n<div class=\"cmsmasters_row_outer_parent\">\n<div class=\"cmsmasters_row_outer\">\n<div class=\"cmsmasters_row_inner\">\n<div class=\"cmsmasters_row_margin\">\n<div class=\"cmsmasters_column one_first\">\n<\/div>\n<\/div>\n<\/div>\n<\/div>\n<\/div>\n<\/div>\n<div id=\"cmsmasters_row_69de2b1a037853_01880473\" class=\"cmsmasters_row cmsmasters_color_scheme_default cmsmasters_row_top_default cmsmasters_row_bot_default cmsmasters_row_boxed\">\n<div class=\"cmsmasters_row_outer_parent\">\n<div class=\"cmsmasters_row_outer\">\n<div class=\"cmsmasters_row_inner\">\n<div class=\"cmsmasters_row_margin\">\n<div class=\"cmsmasters_column one_first\">\n<div class=\"cmsmasters_text\">\n<p>Los establecimientos que desean introducirse en el segmento MICE, que buscan resultados reales para la mejora de su rentabilidad, que necesitan asesoramiento para convertir o crear su establecimiento en un espacio para acoger eventos, conf\u00edan en Ouisellyou.<br \/>\nDesde 2009, y durante una crisis econ\u00f3mica mundial, la misi\u00f3n de Ouisellyou ha sido ayudar a adaptarse y a tener \u00e9xito en el mercado Mice a establecimientos nuevos o que se planteaban un nuevo enfoque en su estrategia comercial. Nuestros a\u00f1os de experiencia en el sector nos han permitido conocer innumerables establecimientos en distintos destinos, con sus casu\u00edsticas espec\u00edficas, y a cada uno de ellos le hemos asesorado de manera individual y personalizada.<\/p>\n<\/div>\n<\/div>\n<\/div>\n<\/div>\n<\/div>\n<\/div>\n<\/div>\n<div id=\"cmsmasters_row_69de2b1a038981_66542850\" class=\"cmsmasters_row cmsmasters_color_scheme_default cmsmasters_row_top_default cmsmasters_row_bot_default cmsmasters_row_boxed\">\n<div class=\"cmsmasters_row_outer_parent\">\n<div class=\"cmsmasters_row_outer\">\n<div class=\"cmsmasters_row_inner\">\n<div class=\"cmsmasters_row_margin\">\n<div class=\"cmsmasters_column one_first\">\n\n<div id=\"cmsmasters_heading_69de2b1a03b11\" class=\"cmsmasters_heading_wrap cmsmasters_heading_align_center\">\n\t<h2 class=\"cmsmasters_heading\">Gesti\u00f3n de espacios<\/h2>\n<\/div>\n<\/div>\n<\/div>\n<\/div>\n<\/div>\n<\/div>\n<\/div>\n<div id=\"cmsmasters_row_69de2b1a03b4a6_88603921\" class=\"cmsmasters_row cmsmasters_color_scheme_default cmsmasters_row_top_default cmsmasters_row_bot_default cmsmasters_row_boxed\">\n<div class=\"cmsmasters_row_outer_parent\">\n<div class=\"cmsmasters_row_outer\">\n<div class=\"cmsmasters_row_inner\">\n<div class=\"cmsmasters_row_margin\">\n<div class=\"cmsmasters_column one_half\">\n<div class=\"cmsmasters_content_slider_wrap\" style=\"max-width:px;\">\n<script type=\"text\/javascript\">jQuery(document).ready(function () { jQuery(\"#cmsmasters_slider_69de2b1a03c404_62979098.cmsmasters_content_slider\").owlCarousel( { singleItem : true, transitionStyle: false, rewindSpeed : 1000, slideSpeed : 600, autoHeight : true, paginationSpeed : \t600, autoPlay : 5000,navigation : true, navigationText : \t[ \"<span class=\\\"cmsmasters_prev_arrow\\\"><span><\/span><\/span>\", \"<span class=\\\"cmsmasters_next_arrow\\\"><span><\/span><\/span>\" ] } );} );<\/script>\n<div id=\"cmsmasters_slider_69de2b1a03c404_62979098\" class=\"cmsmasters_content_slider cmsmasters_owl_slider owl-carousel\">\n<div class=\"cmsmasters_content_slider_item\"><img width=\"500\" height=\"375\" src=\"https:\/\/ouisellyou.com\/wp-content\/uploads\/2020\/06\/Dhub-1.jpg\" class=\"attachment-full size-full\" alt=\"\" srcset=\"https:\/\/ouisellyou.com\/wp-content\/uploads\/2020\/06\/Dhub-1.jpg 500w, https:\/\/ouisellyou.com\/wp-content\/uploads\/2020\/06\/Dhub-1-300x225.jpg 300w\" sizes=\"(max-width: 500px) 100vw, 500px\" \/><\/div><div class=\"cmsmasters_content_slider_item\"><img width=\"500\" height=\"375\" src=\"https:\/\/ouisellyou.com\/wp-content\/uploads\/2020\/06\/Dhub-3-1.jpg\" class=\"attachment-full size-full\" alt=\"\" srcset=\"https:\/\/ouisellyou.com\/wp-content\/uploads\/2020\/06\/Dhub-3-1.jpg 500w, https:\/\/ouisellyou.com\/wp-content\/uploads\/2020\/06\/Dhub-3-1-300x225.jpg 300w\" sizes=\"(max-width: 500px) 100vw, 500px\" \/><\/div><div class=\"cmsmasters_content_slider_item\"><img width=\"500\" height=\"375\" src=\"https:\/\/ouisellyou.com\/wp-content\/uploads\/2020\/06\/Dhub-2-1.jpg\" class=\"attachment-full size-full\" alt=\"\" srcset=\"https:\/\/ouisellyou.com\/wp-content\/uploads\/2020\/06\/Dhub-2-1.jpg 500w, https:\/\/ouisellyou.com\/wp-content\/uploads\/2020\/06\/Dhub-2-1-300x225.jpg 300w\" sizes=\"(max-width: 500px) 100vw, 500px\" \/><\/div><div class=\"cmsmasters_content_slider_item\"><img width=\"500\" height=\"375\" src=\"https:\/\/ouisellyou.com\/wp-content\/uploads\/2020\/06\/Dhub-4.jpg\" class=\"attachment-full size-full\" alt=\"\" srcset=\"https:\/\/ouisellyou.com\/wp-content\/uploads\/2020\/06\/Dhub-4.jpg 500w, https:\/\/ouisellyou.com\/wp-content\/uploads\/2020\/06\/Dhub-4-300x225.jpg 300w\" sizes=\"(max-width: 500px) 100vw, 500px\" \/><\/div><div class=\"cmsmasters_content_slider_item\"><img width=\"500\" height=\"375\" src=\"https:\/\/ouisellyou.com\/wp-content\/uploads\/2020\/06\/Dhub-5.jpg\" class=\"attachment-full size-full\" alt=\"\" srcset=\"https:\/\/ouisellyou.com\/wp-content\/uploads\/2020\/06\/Dhub-5.jpg 500w, https:\/\/ouisellyou.com\/wp-content\/uploads\/2020\/06\/Dhub-5-300x225.jpg 300w\" sizes=\"(max-width: 500px) 100vw, 500px\" \/><\/div><div class=\"cmsmasters_content_slider_item\"><img width=\"500\" height=\"375\" src=\"https:\/\/ouisellyou.com\/wp-content\/uploads\/2020\/06\/Dhub-6.jpg\" class=\"attachment-full size-full\" alt=\"\" srcset=\"https:\/\/ouisellyou.com\/wp-content\/uploads\/2020\/06\/Dhub-6.jpg 500w, https:\/\/ouisellyou.com\/wp-content\/uploads\/2020\/06\/Dhub-6-300x225.jpg 300w\" sizes=\"(max-width: 500px) 100vw, 500px\" \/><\/div><div class=\"cmsmasters_content_slider_item\"><img width=\"500\" height=\"375\" src=\"https:\/\/ouisellyou.com\/wp-content\/uploads\/2020\/06\/Dhub-7.jpg\" class=\"attachment-full size-full\" alt=\"\" srcset=\"https:\/\/ouisellyou.com\/wp-content\/uploads\/2020\/06\/Dhub-7.jpg 500w, https:\/\/ouisellyou.com\/wp-content\/uploads\/2020\/06\/Dhub-7-300x225.jpg 300w\" sizes=\"(max-width: 500px) 100vw, 500px\" \/><\/div><\/div>\n<\/div>\n<div class=\"aligncenter\">\n<div class=\"cmsmasters_img  cmsmasters_image_c\">\n<img src=\"https:\/\/ouisellyou.com\/wp-content\/uploads\/2020\/06\/logo-disseny-hub-barcelona-2.jpg\" \/>\n<\/div>\n<\/div>\n<\/div>\n<div class=\"cmsmasters_column one_half\">\n<div class=\"cmsmasters_content_slider_wrap\" style=\"max-width:px;\">\n<script type=\"text\/javascript\">jQuery(document).ready(function () { jQuery(\"#cmsmasters_slider_69de2b1a056703_01703120.cmsmasters_content_slider\").owlCarousel( { singleItem : true, transitionStyle: false, rewindSpeed : 1000, slideSpeed : 600, autoHeight : true, paginationSpeed : \t600, autoPlay : 8000,navigation : true, navigationText : \t[ \"<span class=\\\"cmsmasters_prev_arrow\\\"><span><\/span><\/span>\", \"<span class=\\\"cmsmasters_next_arrow\\\"><span><\/span><\/span>\" ] } );} );<\/script>\n<div id=\"cmsmasters_slider_69de2b1a056703_01703120\" class=\"cmsmasters_content_slider cmsmasters_owl_slider owl-carousel\">\n<div class=\"cmsmasters_content_slider_item\"><img width=\"500\" height=\"375\" src=\"https:\/\/ouisellyou.com\/wp-content\/uploads\/2020\/06\/mhc1.jpg\" class=\"attachment-full size-full\" alt=\"\" srcset=\"https:\/\/ouisellyou.com\/wp-content\/uploads\/2020\/06\/mhc1.jpg 500w, https:\/\/ouisellyou.com\/wp-content\/uploads\/2020\/06\/mhc1-300x225.jpg 300w\" sizes=\"(max-width: 500px) 100vw, 500px\" \/><\/div><div class=\"cmsmasters_content_slider_item\"><img width=\"500\" height=\"375\" src=\"https:\/\/ouisellyou.com\/wp-content\/uploads\/2020\/06\/Claustre-Patrimoni-2.jpg\" class=\"attachment-full size-full\" alt=\"\" srcset=\"https:\/\/ouisellyou.com\/wp-content\/uploads\/2020\/06\/Claustre-Patrimoni-2.jpg 500w, https:\/\/ouisellyou.com\/wp-content\/uploads\/2020\/06\/Claustre-Patrimoni-2-300x225.jpg 300w\" sizes=\"(max-width: 500px) 100vw, 500px\" \/><\/div><div class=\"cmsmasters_content_slider_item\"><img width=\"500\" height=\"375\" src=\"https:\/\/ouisellyou.com\/wp-content\/uploads\/2020\/06\/acpdc2.jpg\" class=\"attachment-full size-full\" alt=\"\" srcset=\"https:\/\/ouisellyou.com\/wp-content\/uploads\/2020\/06\/acpdc2.jpg 500w, https:\/\/ouisellyou.com\/wp-content\/uploads\/2020\/06\/acpdc2-300x225.jpg 300w\" sizes=\"(max-width: 500px) 100vw, 500px\" \/><\/div><\/div>\n<\/div>\n<div class=\"aligncenter\">\n<div class=\"cmsmasters_img  cmsmasters_image_c\">\n<img src=\"https:\/\/ouisellyou.com\/wp-content\/uploads\/2020\/06\/logo-AGPC-1.jpg\" \/>\n<\/div>\n<\/div>\n<\/div>\n<\/div>\n<\/div>\n<\/div>\n<\/div>\n<\/div>\n<div id=\"cmsmasters_row_69de2b1a062127_44533578\" class=\"cmsmasters_row cmsmasters_color_scheme_default cmsmasters_row_top_default cmsmasters_row_bot_default cmsmasters_row_boxed\">\n<div class=\"cmsmasters_row_outer_parent\">\n<div class=\"cmsmasters_row_outer\">\n<div class=\"cmsmasters_row_inner\">\n<div class=\"cmsmasters_row_margin\">\n<div class=\"cmsmasters_column one_first\">\n\n<div id=\"cmsmasters_heading_69de2b1a062aa\" class=\"cmsmasters_heading_wrap cmsmasters_heading_align_center\">\n\t<h2 class=\"cmsmasters_heading\">Gesti\u00f3n de proyectos<\/h2>\n<\/div>\n<\/div>\n<\/div>\n<\/div>\n<\/div>\n<\/div>\n<\/div>\n<div id=\"cmsmasters_row_69de2b1a062e01_94859893\" class=\"cmsmasters_row cmsmasters_color_scheme_default cmsmasters_row_top_default cmsmasters_row_bot_default cmsmasters_row_boxed\">\n<div class=\"cmsmasters_row_outer_parent\">\n<div class=\"cmsmasters_row_outer\">\n<div class=\"cmsmasters_row_inner\">\n<div class=\"cmsmasters_row_margin\">\n<div class=\"cmsmasters_column one_half\">\n<div class=\"aligncenter\">\n<div class=\"cmsmasters_img  cmsmasters_image_c\">\n<a href=\"https:\/\/ouisellyou.com\/granollers\/\"><img src=\"https:\/\/ouisellyou.com\/wp-content\/uploads\/2020\/07\/logo_meetinggranollers50.jpg\" \/><\/a>\n<\/div>\n<\/div>\n\n<div id=\"cmsmasters_divider_69de2b1a066c32_85169843\" class=\"cl\"><\/div>\n\n<div id=\"cmsmasters_button_69de2b1a066de6_15126194\" class=\"button_wrap\"><a href=\"\/granollers\/\" class=\"cmsmasters_button\"><span>Saber m\u00e1s<\/span><\/a><\/div>\n<\/div>\n<div class=\"cmsmasters_column one_half\">\n<div class=\"aligncenter\">\n<div class=\"cmsmasters_img  cmsmasters_image_c\">\n<a href=\"https:\/\/ouisellyou.com\/espacios-para-eventos\/rural-meeting\/\"><img src=\"https:\/\/ouisellyou.com\/wp-content\/uploads\/2020\/07\/logo_ruralmeeting50.jpg\" \/><\/a>\n<\/div>\n<\/div>\n\n<div id=\"cmsmasters_divider_69de2b1a06abe3_40384556\" class=\"cl\"><\/div>\n\n<div id=\"cmsmasters_button_69de2b1a06ad43_05886642\" class=\"button_wrap\"><a href=\"\/espacios-para-eventos\/rural-meeting\/\" class=\"cmsmasters_button\"><span>Saber m\u00e1s<\/span><\/a><\/div>\n<\/div>\n<\/div>\n<\/div>\n<\/div>\n<\/div>\n<\/div>\n<div id=\"cmsmasters_row_69de2b1a06b014_87192300\" class=\"cmsmasters_row cmsmasters_color_scheme_default cmsmasters_row_top_default cmsmasters_row_bot_default cmsmasters_row_boxed\">\n<div class=\"cmsmasters_row_outer_parent\">\n<div class=\"cmsmasters_row_outer\">\n<div class=\"cmsmasters_row_inner\">\n<div class=\"cmsmasters_row_margin\">\n<div class=\"cmsmasters_column one_half\">\n\n<div id=\"cmsmasters_heading_69de2b1a06bbc\" class=\"cmsmasters_heading_wrap cmsmasters_heading_align_left\">\n\t<h2 class=\"cmsmasters_heading\">\u00bfC\u00f3mo lo hacemos?<\/h2>\n<\/div>\n<\/div>\n<div class=\"cmsmasters_column one_half\">\n\n<div id=\"cmsmasters_divider_69de2b1a06c4e8_16382745\" class=\"cl\"><\/div>\n<div class=\"cmsmasters_text colorblanc\">\n<ul>\n<li>Generando confianza y aportando seguridad<\/li>\n<li>Formando parte de su equipo desde el inicio<\/li>\n<li>Analizando cada caso en su contexto<\/li>\n<li>Persiguiendo objetivos realistas<\/li>\n<li>Colaborando con los mejores especialistas para encontrar las mejores soluciones.<\/li>\n<\/ul>\n<\/div>\n<\/div>\n<\/div>\n<\/div>\n<\/div>\n<\/div>\n<\/div>\n<div id=\"cmsmasters_row_69de2b1a06c9d6_55477775\" class=\"cmsmasters_row cmsmasters_color_scheme_default cmsmasters_row_top_default cmsmasters_row_bot_default cmsmasters_row_boxed\">\n<div class=\"cmsmasters_row_outer_parent\">\n<div class=\"cmsmasters_row_outer\">\n<div class=\"cmsmasters_row_inner\">\n<div class=\"cmsmasters_row_margin\">\n<div class=\"cmsmasters_column one_half\">\n\n<div id=\"cmsmasters_heading_69de2b1a06d3d\" class=\"cmsmasters_heading_wrap cmsmasters_heading_align_left\">\n\t<h2 class=\"cmsmasters_heading\">\u00bfQu\u00e9 podemos hacer?<\/h2>\n<\/div>\n<\/div>\n<div class=\"cmsmasters_column one_half\">\n\n<div id=\"cmsmasters_divider_69de2b1a06ddb3_77405730\" class=\"cl\"><\/div>\n<div class=\"cmsmasters_text\">\n<div class=\"innerShortcode\">\n<div class=\"innerContent\">\n<div>\n<ul>\n<li><span style=\"color: #000000;\">Definir la estrategia de ventas<\/span><\/li>\n<li><span style=\"color: #000000;\">Formar al equipo de ventas<\/span><\/li>\n<li><span style=\"color: #000000;\">Elaborar est\u00e1ndares y procedimientos<\/span><\/li>\n<li><span style=\"color: #000000;\">Analizar los canales de distribuci\u00f3n<\/span><\/li>\n<li><span style=\"color: #000000;\">Asesorar en las pol\u00edticas de precios y condiciones de venta<\/span><\/li>\n<li><span style=\"color: #000000;\">Realizar Mistery Guest<\/span><\/li>\n<li><span style=\"color: #000000;\">Gestionar los espacios de manera externa pero estando vinculados directamente con el establecimiento<\/span><\/li>\n<li><span style=\"color: #000000;\">Dar respuesta a todas las peticiones de grupos y llevar al d\u00eda el booking de salas.<\/span><\/li>\n<li><span style=\"color: #000000;\">Gestionar la operativa del evento.<\/span><\/li>\n<li><span style=\"color: #000000;\">Atender las visitas comerciales dentro y fuera del edificio.<\/span><\/li>\n<li><span style=\"color: #000000;\">Dise\u00f1ar el material comercial<\/span><\/li>\n<li><span style=\"color: #000000;\">Realizar las contrataciones con intermediarios (agencias, canales de distribuci\u00f3n, etc.)<\/span><\/li>\n<\/ul>\n<\/div>\n<\/div>\n<\/div>\n<\/div>\n<\/div>\n<\/div>\n<\/div>\n<\/div>\n<\/div>\n<\/div>\n\n","protected":false},"excerpt":{"rendered":"","protected":false},"author":1,"featured_media":0,"parent":66745,"menu_order":0,"comment_status":"closed","ping_status":"closed","template":"","meta":[],"_links":{"self":[{"href":"https:\/\/ouisellyou.com\/ca\/wp-json\/wp\/v2\/pages\/202"}],"collection":[{"href":"https:\/\/ouisellyou.com\/ca\/wp-json\/wp\/v2\/pages"}],"about":[{"href":"https:\/\/ouisellyou.com\/ca\/wp-json\/wp\/v2\/types\/page"}],"author":[{"embeddable":true,"href":"https:\/\/ouisellyou.com\/ca\/wp-json\/wp\/v2\/users\/1"}],"replies":[{"embeddable":true,"href":"https:\/\/ouisellyou.com\/ca\/wp-json\/wp\/v2\/comments?post=202"}],"version-history":[{"count":39,"href":"https:\/\/ouisellyou.com\/ca\/wp-json\/wp\/v2\/pages\/202\/revisions"}],"predecessor-version":[{"id":67244,"href":"https:\/\/ouisellyou.com\/ca\/wp-json\/wp\/v2\/pages\/202\/revisions\/67244"}],"up":[{"embeddable":true,"href":"https:\/\/ouisellyou.com\/ca\/wp-json\/wp\/v2\/pages\/66745"}],"wp:attachment":[{"href":"https:\/\/ouisellyou.com\/ca\/wp-json\/wp\/v2\/media?parent=202"}],"curies":[{"name":"wp","href":"https:\/\/api.w.org\/{rel}","templated":true}]}}