{"id":162,"date":"2015-09-24T13:28:51","date_gmt":"2015-09-24T13:28:51","guid":{"rendered":"http:\/\/ouisellyou.com\/es\/our-team\/?lang=ca"},"modified":"2020-06-13T09:17:54","modified_gmt":"2020-06-13T09:17:54","slug":"ouisellyou","status":"publish","type":"page","link":"https:\/\/ouisellyou.com\/ca\/ouisellyou\/","title":{"rendered":"Ouisellyou"},"content":{"rendered":"<style type=\"text\/css\"> \n#cmsmasters_row_69d2a151243905_78444624 .cmsmasters_row_outer_parent { \n\tpadding-top: 0px; \n} \n\n#cmsmasters_row_69d2a151243905_78444624 .cmsmasters_row_outer_parent { \n\tpadding-bottom: 50px; \n} \n\n \n#cmsmasters_row_69d2a151244937_12041266 .cmsmasters_row_outer_parent { \n\tpadding-top: 0px; \n} \n\n#cmsmasters_row_69d2a151244937_12041266 .cmsmasters_row_outer_parent { \n\tpadding-bottom: 50px; \n} \n\n \n#cmsmasters_heading_69d2a1512472e { \n\ttext-align:left; \n\tmargin-top:0px; \n\tmargin-bottom:20px; \n} \n\n#cmsmasters_heading_69d2a1512472e .cmsmasters_heading { \n\ttext-align:left; \n} \n\n#cmsmasters_heading_69d2a1512472e .cmsmasters_heading, #cmsmasters_heading_69d2a1512472e .cmsmasters_heading a { \n\tfont-weight:normal; \n\tfont-style:normal; \n} \n\n#cmsmasters_heading_69d2a1512472e .cmsmasters_heading_divider { \n} \n\n \n#cmsmasters_row_69d2a1512477a8_28042077 .cmsmasters_row_outer_parent { \n\tpadding-top: 0px; \n} \n\n#cmsmasters_row_69d2a1512477a8_28042077 .cmsmasters_row_outer_parent { \n\tpadding-bottom: 50px; \n} \n\n \n#cmsmasters_heading_69d2a1512482c { \n\ttext-align:left; \n\tmargin-top:0px; \n\tmargin-bottom:20px; \n} \n\n#cmsmasters_heading_69d2a1512482c .cmsmasters_heading { \n\ttext-align:left; \n} \n\n#cmsmasters_heading_69d2a1512482c .cmsmasters_heading, #cmsmasters_heading_69d2a1512482c .cmsmasters_heading a { \n\tfont-weight:normal; \n\tfont-style:normal; \n} \n\n#cmsmasters_heading_69d2a1512482c .cmsmasters_heading_divider { \n} \n\n<\/style><div id=\"cmsmasters_row_69d2a151243905_78444624\" class=\"cmsmasters_row cmsmasters_color_scheme_default cmsmasters_row_top_default cmsmasters_row_bot_default cmsmasters_row_boxed\">\n<div class=\"cmsmasters_row_outer_parent\">\n<div class=\"cmsmasters_row_outer\">\n<div class=\"cmsmasters_row_inner\">\n<div class=\"cmsmasters_row_margin\">\n<div class=\"cmsmasters_column one_first\">\n<\/div>\n<\/div>\n<\/div>\n<\/div>\n<\/div>\n<\/div>\n<div id=\"cmsmasters_row_69d2a151244937_12041266\" class=\"cmsmasters_row cmsmasters_color_scheme_default cmsmasters_row_top_default cmsmasters_row_bot_default cmsmasters_row_boxed\">\n<div class=\"cmsmasters_row_outer_parent\">\n<div class=\"cmsmasters_row_outer\">\n<div class=\"cmsmasters_row_inner\">\n<div class=\"cmsmasters_row_margin\">\n<div class=\"cmsmasters_column one_first\">\n\n<div id=\"cmsmasters_heading_69d2a1512472e\" class=\"cmsmasters_heading_wrap cmsmasters_heading_align_left\">\n\t<h1 class=\"cmsmasters_heading\">Ouisellyou<\/h1>\n<\/div><div class=\"cmsmasters_text\">\n<p>Especialistas en la representaci\u00f3n comercial de hoteles, palacios de congresos, resorts y espacios singulares, venues donde poder organizar eventos diferentes y de cualquier tama\u00f1o.<\/p>\n<p>Nuestros clientes han confiado en nosotras durante estos a\u00f1os por nuestra experiencia en el sector de m\u00e1s de 20 a\u00f1os, porque somos profesionales, efectivas y emp\u00e1ticas con cada uno de ellos, demostrando ser parte de su equipo, y adapt\u00e1ndonos a sus productos\/circunstancias.<\/p>\n<p><strong>Somos sus comerciales en el mercado.<\/strong><\/p>\n<\/div>\n<\/div>\n<\/div>\n<\/div>\n<\/div>\n<\/div>\n<\/div>\n<div id=\"cmsmasters_row_69d2a1512477a8_28042077\" class=\"cmsmasters_row cmsmasters_color_scheme_default cmsmasters_row_top_default cmsmasters_row_bot_default cmsmasters_row_boxed\">\n<div class=\"cmsmasters_row_outer_parent\">\n<div class=\"cmsmasters_row_outer\">\n<div class=\"cmsmasters_row_inner\">\n<div class=\"cmsmasters_row_margin\">\n<div class=\"cmsmasters_column one_first\">\n\n<div id=\"cmsmasters_heading_69d2a1512482c\" class=\"cmsmasters_heading_wrap cmsmasters_heading_align_left\">\n\t<h1 class=\"cmsmasters_heading\">Nuestro equipo<\/h1>\n<\/div>\n<\/div>\n<div class=\"cmsmasters_column one_first\">\n<div id=\"69d2a151249281_75355123\" class=\"cmsmasters_profile horizontal\">\n\n<!-- Start Horizontal Profile -->\n\n<article id=\"post-66203\" class=\"cmsmasters_profile_horizontal one_half post-66203 profile type-profile status-publish has-post-thumbnail hentry pl-categs-co-fundadora pl-categs-coo pl-categs-equipo\">\n\t<div class=\"profile_outer\">\n\t<figure class=\"cmsmasters_img_wrap\"><a href=\"https:\/\/ouisellyou.com\/ca\/profile\/neus-carruesco\/\" title=\"Neus Carruesco\" class=\"cmsmasters_img_link\"><img width=\"300\" height=\"300\" src=\"https:\/\/ouisellyou.com\/wp-content\/uploads\/2020\/06\/Neus-Carruesco-300x300.jpg\" class=\" wp-post-image\" alt=\"Neus Carruesco\" title=\"Neus Carruesco\" srcset=\"https:\/\/ouisellyou.com\/wp-content\/uploads\/2020\/06\/Neus-Carruesco-300x300.jpg 300w, https:\/\/ouisellyou.com\/wp-content\/uploads\/2020\/06\/Neus-Carruesco-150x150.jpg 150w, https:\/\/ouisellyou.com\/wp-content\/uploads\/2020\/06\/Neus-Carruesco-90x90.jpg 90w, https:\/\/ouisellyou.com\/wp-content\/uploads\/2020\/06\/Neus-Carruesco.jpg 500w\" sizes=\"(max-width: 300px) 100vw, 300px\" \/><\/a><\/figure><div class=\"profile_inner\"><header class=\"cmsmasters_profile_header entry-header\"><h3 class=\"cmsmasters_profile_title entry-title\"><a href=\"https:\/\/ouisellyou.com\/ca\/profile\/neus-carruesco\/\">Neus Carruesco<\/a><\/h3><\/header><div class=\"profile_social_icons\"><ul class=\"profile_social_icons_list\"><li><a href=\"tel:647530007\" class=\"cmsmasters_social_icon cmsmasters_social_icon_69d2a1512a9ab cmsmasters-icon-phone\" title=\"647 530 007\"><\/a><\/li><li><a href=\"mailto:Neus.carruesco@ouisellyou.com\" class=\"cmsmasters_social_icon cmsmasters_social_icon_69d2a1512a9bb cmsmasters-icon-mail-alt\" title=\"Neus.carruesco@ouisellyou.com\"><\/a><\/li><li><a href=\"https:\/\/www.linkedin.com\/in\/neuscarruesco10\/\" class=\"cmsmasters_social_icon cmsmasters_social_icon_69d2a1512a9c4 cmsmasters-icon-linkedin-squared\" title=\"LinkedIn\" target=\"_blank\"><\/a><\/li><\/ul><\/div><\/div>\t<\/div>\n<\/article>\n<!-- Finish Horizontal Profile -->\n\n\n<!-- Start Horizontal Profile -->\n\n<article id=\"post-66210\" class=\"cmsmasters_profile_horizontal one_half post-66210 profile type-profile status-publish has-post-thumbnail hentry pl-categs-co-fundadora pl-categs-direccion-operativa pl-categs-equipo\">\n\t<div class=\"profile_outer\">\n\t<figure class=\"cmsmasters_img_wrap\"><a href=\"https:\/\/ouisellyou.com\/ca\/profile\/laura-dominguez\/\" title=\"Laura Dom\u00ednguez\" class=\"cmsmasters_img_link\"><img width=\"300\" height=\"300\" src=\"https:\/\/ouisellyou.com\/wp-content\/uploads\/2020\/06\/Laura-Dominguez-300x300.jpg\" class=\" wp-post-image\" alt=\"Laura Dom\u00ednguez\" title=\"Laura Dom\u00ednguez\" srcset=\"https:\/\/ouisellyou.com\/wp-content\/uploads\/2020\/06\/Laura-Dominguez-300x300.jpg 300w, https:\/\/ouisellyou.com\/wp-content\/uploads\/2020\/06\/Laura-Dominguez-150x150.jpg 150w, https:\/\/ouisellyou.com\/wp-content\/uploads\/2020\/06\/Laura-Dominguez-90x90.jpg 90w\" sizes=\"(max-width: 300px) 100vw, 300px\" \/><\/a><\/figure><div class=\"profile_inner\"><header class=\"cmsmasters_profile_header entry-header\"><h3 class=\"cmsmasters_profile_title entry-title\"><a href=\"https:\/\/ouisellyou.com\/ca\/profile\/laura-dominguez\/\">Laura Dom\u00ednguez<\/a><\/h3><\/header><div class=\"profile_social_icons\"><ul class=\"profile_social_icons_list\"><li><a href=\"tel:%20639367862\" class=\"cmsmasters_social_icon cmsmasters_social_icon_69d2a1512b2f9 cmsmasters-icon-phone\" title=\"639 367 862\"><\/a><\/li><li><a href=\"mailto:Laura.dominguez@ouisellyou.com\" class=\"cmsmasters_social_icon cmsmasters_social_icon_69d2a1512b311 cmsmasters-icon-mail-alt\" title=\"Laura.dominguez@ouisellyou.com\"><\/a><\/li><li><a href=\"https:\/\/www.linkedin.com\/in\/laura-dom%C3%ADnguez-remy-9888911a\/\" class=\"cmsmasters_social_icon cmsmasters_social_icon_69d2a1512b321 cmsmasters-icon-linkedin-squared\" title=\"LinkedIn\" target=\"_blank\"><\/a><\/li><\/ul><\/div><\/div>\t<\/div>\n<\/article>\n<!-- Finish Horizontal Profile -->\n\n\n<!-- Start Horizontal Profile -->\n\n<article id=\"post-66531\" class=\"cmsmasters_profile_horizontal one_half post-66531 profile type-profile status-publish has-post-thumbnail hentry pl-categs-equipo\">\n\t<div class=\"profile_outer\">\n\t<figure class=\"cmsmasters_img_wrap\"><a href=\"https:\/\/ouisellyou.com\/ca\/profile\/natacha-nazer\/\" title=\"Natacha Nazer\" class=\"cmsmasters_img_link\"><img width=\"300\" height=\"300\" src=\"https:\/\/ouisellyou.com\/wp-content\/uploads\/2020\/06\/natachanazer2-300x300.jpg\" class=\" wp-post-image\" alt=\"Natacha Nazer\" title=\"Natacha Nazer\" srcset=\"https:\/\/ouisellyou.com\/wp-content\/uploads\/2020\/06\/natachanazer2-300x300.jpg 300w, https:\/\/ouisellyou.com\/wp-content\/uploads\/2020\/06\/natachanazer2-150x150.jpg 150w, https:\/\/ouisellyou.com\/wp-content\/uploads\/2020\/06\/natachanazer2-90x90.jpg 90w\" sizes=\"(max-width: 300px) 100vw, 300px\" \/><\/a><\/figure><div class=\"profile_inner\"><header class=\"cmsmasters_profile_header entry-header\"><h3 class=\"cmsmasters_profile_title entry-title\"><a href=\"https:\/\/ouisellyou.com\/ca\/profile\/natacha-nazer\/\">Natacha Nazer<\/a><\/h3><\/header><div class=\"profile_social_icons\"><ul class=\"profile_social_icons_list\"><li><a href=\"tel:%20637639393\" class=\"cmsmasters_social_icon cmsmasters_social_icon_69d2a1512bc2a cmsmasters-icon-phone\" title=\"637 639 393\"><\/a><\/li><li><a href=\"mailto:hola@ouisellyou.com\" class=\"cmsmasters_social_icon cmsmasters_social_icon_69d2a1512bc37 cmsmasters-icon-mail-alt\" title=\"hola@ouisellyou.com\"><\/a><\/li><li><a href=\"https:\/\/es.linkedin.com\/in\/natachanazer\" class=\"cmsmasters_social_icon cmsmasters_social_icon_69d2a1512bc3f cmsmasters-icon-linkedin-squared\" title=\"LinkedIn Natacha Nazer\" target=\"_blank\"><\/a><\/li><\/ul><\/div><\/div>\t<\/div>\n<\/article>\n<!-- Finish Horizontal Profile -->\n\n\n<!-- Start Horizontal Profile -->\n\n<article id=\"post-66537\" class=\"cmsmasters_profile_horizontal one_half post-66537 profile type-profile status-publish has-post-thumbnail hentry pl-categs-equipo\">\n\t<div class=\"profile_outer\">\n\t<figure class=\"cmsmasters_img_wrap\"><a href=\"https:\/\/ouisellyou.com\/ca\/profile\/anna-gonzalez\/\" title=\"Anna Gonz\u00e1lez\" class=\"cmsmasters_img_link\"><img width=\"300\" height=\"300\" src=\"https:\/\/ouisellyou.com\/wp-content\/uploads\/2020\/06\/anna-gonzalez-2-300x300.jpg\" class=\" wp-post-image\" alt=\"Anna Gonz\u00e1lez\" title=\"Anna Gonz\u00e1lez\" srcset=\"https:\/\/ouisellyou.com\/wp-content\/uploads\/2020\/06\/anna-gonzalez-2-300x300.jpg 300w, https:\/\/ouisellyou.com\/wp-content\/uploads\/2020\/06\/anna-gonzalez-2-150x150.jpg 150w, https:\/\/ouisellyou.com\/wp-content\/uploads\/2020\/06\/anna-gonzalez-2-90x90.jpg 90w\" sizes=\"(max-width: 300px) 100vw, 300px\" \/><\/a><\/figure><div class=\"profile_inner\"><header class=\"cmsmasters_profile_header entry-header\"><h3 class=\"cmsmasters_profile_title entry-title\"><a href=\"https:\/\/ouisellyou.com\/ca\/profile\/anna-gonzalez\/\">Anna Gonz\u00e1lez<\/a><\/h3><\/header><div class=\"profile_social_icons\"><ul class=\"profile_social_icons_list\"><li><a href=\"tel:%20932378617\" class=\"cmsmasters_social_icon cmsmasters_social_icon_69d2a1512c42d cmsmasters-icon-phone\" title=\"93 237 86 17\"><\/a><\/li><li><a href=\"mailto:info@ouisellyou.com\" class=\"cmsmasters_social_icon cmsmasters_social_icon_69d2a1512c43b cmsmasters-icon-mail-alt\" title=\"info@ouisellyou.com\"><\/a><\/li><li><a href=\"https:\/\/es.linkedin.com\/in\/anna-gonz%C3%A1lez-muriel-375144115\" class=\"cmsmasters_social_icon cmsmasters_social_icon_69d2a1512c442 cmsmasters-icon-linkedin-squared\" title=\"LinkedIn Natacha Nazer\" target=\"_blank\"><\/a><\/li><\/ul><\/div><\/div>\t<\/div>\n<\/article>\n<!-- Finish Horizontal Profile -->\n\n<\/div>\n<\/div>\n<\/div>\n<\/div>\n<\/div>\n<\/div>\n<\/div>\n\n","protected":false},"excerpt":{"rendered":"","protected":false},"author":1,"featured_media":0,"parent":0,"menu_order":0,"comment_status":"closed","ping_status":"closed","template":"","meta":[],"_links":{"self":[{"href":"https:\/\/ouisellyou.com\/ca\/wp-json\/wp\/v2\/pages\/162"}],"collection":[{"href":"https:\/\/ouisellyou.com\/ca\/wp-json\/wp\/v2\/pages"}],"about":[{"href":"https:\/\/ouisellyou.com\/ca\/wp-json\/wp\/v2\/types\/page"}],"author":[{"embeddable":true,"href":"https:\/\/ouisellyou.com\/ca\/wp-json\/wp\/v2\/users\/1"}],"replies":[{"embeddable":true,"href":"https:\/\/ouisellyou.com\/ca\/wp-json\/wp\/v2\/comments?post=162"}],"version-history":[{"count":2,"href":"https:\/\/ouisellyou.com\/ca\/wp-json\/wp\/v2\/pages\/162\/revisions"}],"predecessor-version":[{"id":66741,"href":"https:\/\/ouisellyou.com\/ca\/wp-json\/wp\/v2\/pages\/162\/revisions\/66741"}],"wp:attachment":[{"href":"https:\/\/ouisellyou.com\/ca\/wp-json\/wp\/v2\/media?parent=162"}],"curies":[{"name":"wp","href":"https:\/\/api.w.org\/{rel}","templated":true}]}}